{"id":245172,"date":"2022-04-05T16:05:00","date_gmt":"2022-04-05T16:05:00","guid":{"rendered":"https:\/\/www.echitabplusicp.org\/directives-de-traitement-des-morsures-de-serpent"},"modified":"2022-04-05T16:05:10","modified_gmt":"2022-04-05T16:05:10","slug":"directives-de-traitement-des-morsures-de-serpent","status":"publish","type":"page","link":"https:\/\/www.echitabplusicp.org\/fr\/directives-de-traitement-des-morsures-de-serpent","title":{"rendered":"Directives de traitement des morsures de serpent"},"content":{"rendered":"<p>[et_pb_section fb_built=\u00a0\u00bb1&Prime; admin_label=\u00a0\u00bbsection\u00a0\u00bb _builder_version=\u00a0\u00bb4.15&Prime; global_colors_info=\u00a0\u00bb{}\u00a0\u00bb][et_pb_row admin_label=\u00a0\u00bbH1&Prime; _builder_version=\u00a0\u00bb4.15.1&Prime; _module_preset=\u00a0\u00bbdefault\u00a0\u00bb global_colors_info=\u00a0\u00bb{}\u00a0\u00bb][et_pb_column type=\u00a0\u00bb4_4&Prime; _builder_version=\u00a0\u00bb4.15.1&Prime; _module_preset=\u00a0\u00bbdefault\u00a0\u00bb global_colors_info=\u00a0\u00bb{}\u00a0\u00bb][et_pb_text _builder_version=\u00a0\u00bb4.15.1&Prime; _module_preset=\u00a0\u00bb8a351db3-7b59-48a9-9578-3335797e4dfb\u00a0\u00bb global_colors_info=\u00a0\u00bb{}\u00a0\u00bb]<\/p>\n<h1>Directives de traitement des morsures de serpent<\/h1>\n<p>[\/et_pb_text][\/et_pb_column][\/et_pb_row][et_pb_row column_structure=\u00a0\u00bb1_2,1_2&Prime; admin_label=\u00a0\u00bbLigne\u00a0\u00bb _builder_version=\u00a0\u00bb4.15.1&Prime; _module_preset=\u00a0\u00bbdefault\u00a0\u00bb global_colors_info=\u00a0\u00bb{}\u00a0\u00bb][et_pb_column type=\u00a0\u00bb1_2&Prime; _builder_version=\u00a0\u00bb4.15.1&Prime; _module_preset=\u00a0\u00bbdefault\u00a0\u00bb global_colors_info=\u00a0\u00bb{}\u00a0\u00bb][et_pb_text _builder_version=\u00a0\u00bb4.15.1&Prime; _module_preset=\u00a0\u00bb73bb68af-13e3-4cf6-96fe-2f175413a0a5&Prime; global_colors_info=\u00a0\u00bb{}\u00a0\u00bb]<\/p>\n<p><span>Dans cette vid\u00e9o, le Dr Guti\u00e9rrez de l&rsquo;Institut Clodomiro Picado de l&rsquo;Universit\u00e9 du Costa Rica, explique le contexte et l&rsquo;utilisation recommand\u00e9e de l&rsquo;antivenin polyvalent de serpent africain EchiTAb-Plus-ICP, pour le personnel m\u00e9dical et le grand public.<\/span><\/p>\n<p>[\/et_pb_text][\/et_pb_column][et_pb_column type=\u00a0\u00bb1_2&Prime; _builder_version=\u00a0\u00bb4.15.1&Prime; _module_preset=\u00a0\u00bbdefault\u00a0\u00bb global_colors_info=\u00a0\u00bb{}\u00a0\u00bb][et_pb_video src=\u00a0\u00bbhttps:\/\/www.youtube.com\/watch?v=NyAIiKKhnkQ\u00a0\u00bb _builder_version=\u00a0\u00bb4.15.1&Prime; _module_preset=\u00a0\u00bbdefault\u00a0\u00bb global_colors_info=\u00a0\u00bb{}\u00a0\u00bb][\/et_pb_video][\/et_pb_column][\/et_pb_row][et_pb_row column_structure=\u00a0\u00bb1_2,1_2&Prime; admin_label=\u00a0\u00bbDes lignes directrices\u00a0\u00bb _builder_version=\u00a0\u00bb4.15.1&Prime; _module_preset=\u00a0\u00bbdefault\u00a0\u00bb global_colors_info=\u00a0\u00bb{}\u00a0\u00bb][et_pb_column type=\u00a0\u00bb1_2&Prime; admin_label=\u00a0\u00bbColonne\u00a0\u00bb _builder_version=\u00a0\u00bb4.15.1&Prime; _module_preset=\u00a0\u00bbdefault\u00a0\u00bb global_colors_info=\u00a0\u00bb{}\u00a0\u00bb][et_pb_text admin_label=\u00a0\u00bbGuidelines\u00a0\u00bb _builder_version=\u00a0\u00bb4.15.1&Prime; _module_preset=\u00a0\u00bb73bb68af-13e3-4cf6-96fe-2f175413a0a5&Prime; header_3_line_height=\u00a0\u00bb1.3em\u00a0\u00bb global_colors_info=\u00a0\u00bb{}\u00a0\u00bb]<\/p>\n<h3><b>Lignes directrices pour la pr\u00e9vention et la prise en charge clinique des morsures de serpent en Afrique.<\/b><\/h3>\n<p>[\/et_pb_text][\/et_pb_column][et_pb_column type=\u00a0\u00bb1_2&Prime; _builder_version=\u00a0\u00bb4.15.1&Prime; _module_preset=\u00a0\u00bbdefault\u00a0\u00bb global_colors_info=\u00a0\u00bb{}\u00a0\u00bb][\/et_pb_column][\/et_pb_row][et_pb_row column_structure=\u00a0\u00bb1_2,1_2&Prime; admin_label=\u00a0\u00bbLigne\u00a0\u00bb _builder_version=\u00a0\u00bb4.15.1&Prime; _module_preset=\u00a0\u00bbdefault\u00a0\u00bb global_colors_info=\u00a0\u00bb{}\u00a0\u00bb][et_pb_column type=\u00a0\u00bb1_2&Prime; _builder_version=\u00a0\u00bb4.15.1&Prime; _module_preset=\u00a0\u00bbdefault\u00a0\u00bb global_colors_info=\u00a0\u00bb{}\u00a0\u00bb][et_pb_text admin_label=\u00a0\u00bbGuidelines\u00a0\u00bb _builder_version=\u00a0\u00bb4.15.1&Prime; _module_preset=\u00a0\u00bb73bb68af-13e3-4cf6-96fe-2f175413a0a5&Prime; global_colors_info=\u00a0\u00bb{}\u00a0\u00bb]<\/p>\n<p><span>Les Lignes directrices pour la pr\u00e9vention et la prise en charge clinique des morsures de serpent en Afrique ont \u00e9t\u00e9 \u00e9labor\u00e9es par l&rsquo;OMS\/AFRO avec la contribution d&rsquo;experts techniques. Ils sont destin\u00e9s \u00e0 aider les agents de sant\u00e9 \u00e0 am\u00e9liorer les soins m\u00e9dicaux pour les victimes de morsures de serpent ; ils servent \u00e9galement de source d&rsquo;information pour le grand public sur les questions li\u00e9es aux serpents et aux morsures de serpent. Les directives <\/span><b>traitent des serpents, des venins de serpent et des morsures de serpent et de leurs cons\u00e9quences<\/b><span> en mettant l&rsquo;accent sur les serpents m\u00e9dicalement importants, c&rsquo;est-\u00e0-dire ceux qui causent de graves envenimations. Le volume contient plus d&rsquo;une centaine de photographies de serpents, les signes cliniques d&rsquo;envenimation et les cons\u00e9quences. Les lignes directrices comportent \u00e9galement diverses annexes et notamment la r\u00e9partition g\u00e9ographique des serpents venimeux africains, ainsi que leur classification, leurs habitats et leur toxinologie clinique. La morsure de serpent est un probl\u00e8me de sant\u00e9 publique n\u00e9glig\u00e9. Les populations rurales sont fr\u00e9quemment victimes lorsqu&rsquo;elles vaquent \u00e0 leurs activit\u00e9s quotidiennes de production alimentaire et d&rsquo;\u00e9levage et qu&rsquo;elles r\u00e9sident dans le confort de leur foyer. Malheureusement, bon nombre de ces cas de morsures de serpent ne sont pas signal\u00e9s et n&rsquo;apparaissent donc pas dans les statistiques \u00e9pid\u00e9miologiques officielles. Les agents de sant\u00e9 ont souvent peu ou pas de formation formelle dans la prise en charge des morsures de serpent, et un antivenin appropri\u00e9 est rarement disponible.<\/span><\/p>\n<p><span>Le document est divis\u00e9 en quinze chapitres:<\/span><\/p>\n<p>[\/et_pb_text][et_pb_text admin_label=\u00a0\u00bbChapters\u00a0\u00bb _builder_version=\u00a0\u00bb4.15.1&Prime; _module_preset=\u00a0\u00bb2d83f41d-a2fc-49a5-9e22-591a14d0651c\u00a0\u00bb global_colors_info=\u00a0\u00bb{}\u00a0\u00bb]<\/p>\n<ul>\n<li>Les chapitres 1, 2 et 3 introduisent le sujet, d\u00e9crivent les caract\u00e9ristiques morphologiques des serpents venimeux africains, pr\u00e9sentent la r\u00e9partition des serpents venimeux africains et fournissent des donn\u00e9es \u00e9pid\u00e9miologiques sur les morsures de serpent.<\/li>\n<li>Le chapitre 4 est sp\u00e9cifiquement consacr\u00e9 \u00e0 la pr\u00e9vention des morsures de serpent.<\/li>\n<li>Les chapitres 5, 6 et 7 traitent des venins de serpent ainsi que des caract\u00e9ristiques cliniques et des profils d&rsquo;envenimation par certains serpents d&rsquo;importance m\u00e9dicale.<\/li>\n<li>Les chapitres 8 et 9 d\u00e9crivent les principaux syndromes cliniques d&rsquo;envenimation en Afrique et fournissent des orientations pour l&rsquo;\u00e9valuation clinique et le diagnostic.<\/li>\n<li>Le chapitre 10 fournit des informations sur les s\u00e9rums antivenimeux et les principaux fournisseurs de s\u00e9rums antivenimeux.<\/li>\n<li>Les chapitres 11 et 12 traitent des premiers soins et de la prise en charge clinique d&rsquo;urgence des morsures de serpent.<\/li>\n<li>\n<p>Les chapitres 13, 14 et 15 traitent des proc\u00e9dures de traitement antivenimeux et de prise en charge des morsures de serpent au niveau communautaire et dans diff\u00e9rents \u00e9tablissements de sant\u00e9, ainsi que des traitements auxiliaires.<\/p>\n<\/li>\n<\/ul>\n<p>[\/et_pb_text][et_pb_text _builder_version=\u00a0\u00bb4.15.1&Prime; _module_preset=\u00a0\u00bb73bb68af-13e3-4cf6-96fe-2f175413a0a5&Prime; global_colors_info=\u00a0\u00bb{}\u00a0\u00bb]<\/p>\n<p><span>Les directives sont con\u00e7ues pour fournir des informations utiles et guider le travail des diff\u00e9rents niveaux d&rsquo;agents de sant\u00e9 dans le traitement des serpents et des morsures de serpent. Certaines sections fournissent des informations utiles et faciles \u00e0 comprendre pour le grand public sur des sujets tels que les caract\u00e9ristiques et la distribution des serpents, la pr\u00e9vention des morsures de serpent, les premiers soins en cas de morsure de serpent, les effets de venin facilement observables chez une victime de morsure de serpent et ce qu&rsquo;il ne faut pas faire en cas de morsure de serpent.<\/span><\/p>\n<p>[\/et_pb_text][\/et_pb_column][et_pb_column type=\u00a0\u00bb1_2&Prime; _builder_version=\u00a0\u00bb4.15.1&Prime; _module_preset=\u00a0\u00bbdefault\u00a0\u00bb global_colors_info=\u00a0\u00bb{}\u00a0\u00bb][et_pb_image src=\u00a0\u00bbhttps:\/\/www.echitabplusicp.org\/wp-content\/uploads\/2022\/03\/Guidelines-for-the-Prevention-and-Treatment-of-Snakebites-in-Africa.png\u00a0\u00bb title_text=\u00a0\u00bbDirectives-pour-la-pr\u00e9vention-et-le-traitement-des-morsures-de-serpents-en-afrique\u00a0\u00bb _builder_version=\u00a0\u00bb4.15.1&Prime; _module_preset=\u00a0\u00bbdefault\u00a0\u00bb global_colors_info=\u00a0\u00bb{}\u00a0\u00bb][\/et_pb_image][et_pb_button button_url=\u00a0\u00bbhttps:\/\/digicollections.net\/medicinedocs\/\u00a0\u00bb url_new_window=\u00a0\u00bbon\u00a0\u00bb button_text=\u00a0\u00bbVisitez la page de t\u00e9l\u00e9chargement PDF\u00a0\u00bb button_alignment=\u00a0\u00bbcenter\u00a0\u00bb _builder_version=\u00a0\u00bb4.15.1&Prime; _module_preset=\u00a0\u00bbdefault\u00a0\u00bb custom_button=\u00a0\u00bbon\u00a0\u00bb button_text_size=\u00a0\u00bb14px\u00a0\u00bb button_border_radius=\u00a0\u00bb10px\u00a0\u00bb button_icon=\u00a0\u00bb&#x35;||divi||400&Prime; global_colors_info=\u00a0\u00bb{}\u00a0\u00bb admin_label=\u00a0\u00bbPDF Button\u00a0\u00bb][\/et_pb_button][\/et_pb_column][\/et_pb_row][\/et_pb_section]<\/p>\n","protected":false},"excerpt":{"rendered":"<p>Directives de traitement des morsures de serpentDans cette vid\u00e9o, le Dr Guti\u00e9rrez de l&rsquo;Institut Clodomiro Picado de l&rsquo;Universit\u00e9 du Costa Rica, explique le contexte et l&rsquo;utilisation recommand\u00e9e de l&rsquo;antivenin polyvalent de serpent africain EchiTAb-Plus-ICP, pour le personnel m\u00e9dical et le grand public.Lignes directrices pour la pr\u00e9vention et la prise en charge clinique des morsures de [&hellip;]<\/p>\n","protected":false},"author":1,"featured_media":0,"parent":0,"menu_order":0,"comment_status":"closed","ping_status":"closed","template":"","meta":{"_et_pb_use_builder":"on","_et_pb_old_content":"","_et_gb_content_width":"","footnotes":""},"class_list":["post-245172","page","type-page","status-publish","hentry"],"_links":{"self":[{"href":"https:\/\/www.echitabplusicp.org\/fr\/wp-json\/wp\/v2\/pages\/245172","targetHints":{"allow":["GET"]}}],"collection":[{"href":"https:\/\/www.echitabplusicp.org\/fr\/wp-json\/wp\/v2\/pages"}],"about":[{"href":"https:\/\/www.echitabplusicp.org\/fr\/wp-json\/wp\/v2\/types\/page"}],"author":[{"embeddable":true,"href":"https:\/\/www.echitabplusicp.org\/fr\/wp-json\/wp\/v2\/users\/1"}],"replies":[{"embeddable":true,"href":"https:\/\/www.echitabplusicp.org\/fr\/wp-json\/wp\/v2\/comments?post=245172"}],"version-history":[{"count":5,"href":"https:\/\/www.echitabplusicp.org\/fr\/wp-json\/wp\/v2\/pages\/245172\/revisions"}],"predecessor-version":[{"id":245178,"href":"https:\/\/www.echitabplusicp.org\/fr\/wp-json\/wp\/v2\/pages\/245172\/revisions\/245178"}],"wp:attachment":[{"href":"https:\/\/www.echitabplusicp.org\/fr\/wp-json\/wp\/v2\/media?parent=245172"}],"curies":[{"name":"wp","href":"https:\/\/api.w.org\/{rel}","templated":true}]}}