{"id":245254,"date":"2022-04-30T17:29:07","date_gmt":"2022-04-30T17:29:07","guid":{"rendered":"https:\/\/www.echitabplusicp.org\/nossa-missao"},"modified":"2022-04-30T17:29:09","modified_gmt":"2022-04-30T17:29:09","slug":"nossa-missao","status":"publish","type":"page","link":"https:\/\/www.echitabplusicp.org\/pt-pt\/nossa-missao","title":{"rendered":"Nossa miss\u00e3o"},"content":{"rendered":"<p>[et_pb_section fb_built=&#8221;1&#8243; _builder_version=&#8221;4.15.1&#8243; _module_preset=&#8221;default&#8221; hover_enabled=&#8221;0&#8243; global_colors_info=&#8221;{}&#8221; title_text=&#8221;Visita_Presidencial_InstitutoClodomiroPicado_DeclaratoriaInteresPublicoNacional_TratamientoAnticuerposCovid19_rosanchezphoto_4junio2020_0532-1-scaled&#8221; sticky_enabled=&#8221;0&#8243;][et_pb_row admin_label=&#8221;Nossa miss\u00e3o&#8221; _builder_version=&#8221;4.15.1&#8243; _module_preset=&#8221;default&#8221; width=&#8221;100%&#8221; collapsed=&#8221;off&#8221; global_colors_info=&#8221;{}&#8221;][et_pb_column type=&#8221;4_4&#8243; _builder_version=&#8221;4.15.1&#8243; _module_preset=&#8221;default&#8221; global_colors_info=&#8221;{}&#8221;][et_pb_text admin_label=&#8221;OurMission&#8221; _builder_version=&#8221;4.15.1&#8243; _module_preset=&#8221;8a351db3-7b59-48a9-9578-3335797e4dfb&#8221; global_colors_info=&#8221;{}&#8221;]<\/p>\n<h1>Nossa miss\u00e3o<\/h1>\n<p>[\/et_pb_text][\/et_pb_column][\/et_pb_row][et_pb_row column_structure=&#8221;1_2,1_2&#8243; _builder_version=&#8221;4.15.1&#8243; _module_preset=&#8221;default&#8221; collapsed=&#8221;off&#8221; global_colors_info=&#8221;{}&#8221;][et_pb_column type=&#8221;1_2&#8243; _builder_version=&#8221;4.15.1&#8243; _module_preset=&#8221;default&#8221; global_colors_info=&#8221;{}&#8221;][et_pb_text admin_label=&#8221;Clodomiro&#8221; _builder_version=&#8221;4.15.1&#8243; _module_preset=&#8221;73bb68af-13e3-4cf6-96fe-2f175413a0a5&#8243; global_colors_info=&#8221;{}&#8221;]<\/p>\n<p>O <a href=\"https:\/\/web.archive.org\/web\/20210613073401\/http:\/\/www.icp.ucr.ac.cr\/\" target=\"_blank\" rel=\"noopener\">Instituto Clodomiro Picado<\/a> desenvolve pesquisas sobre herpetofauna h\u00e1 40 anos. Suas atividades incluem: pesquisa sobre toxinas de animais pe\u00e7onhentos na Am\u00e9rica Latina e sobre venenos de serpentes; e pesquisa b\u00e1sica e aplicada em imunobiol\u00f3gicos, principalmente soros antivenenos para envenenamentos por picada de cobra. O Instituto est\u00e1 vinculado \u00e0 Universidade da Costa Rica, onde coordena cursos de gradua\u00e7\u00e3o e p\u00f3s-gradua\u00e7\u00e3o nas \u00e1reas de bioqu\u00edmica, imunologia, herpetologia e pesquisa. Tamb\u00e9m orienta teses de alunos nestas \u00e1reas de investiga\u00e7\u00e3o.<\/p>\n<p>O Instituto Clodomiro Picado produz soros antivenenos para muitos pa\u00edses da Am\u00e9rica Central e do Sul e da Europa. Desenvolveu processos cient\u00edficos e biot\u00e9cnicos inovadores para promover o aprimoramento de produtos biol\u00f3gicos, tanto nacional como internacionalmente; assessora pa\u00edses na preven\u00e7\u00e3o e tratamento de acidentes of\u00eddicos e tamb\u00e9m na produ\u00e7\u00e3o e controle de qualidade de soros antiof\u00eddicos na Am\u00e9rica Central e do Sul; e gerencia projetos de colabora\u00e7\u00e3o para a produ\u00e7\u00e3o de soros espec\u00edficos para pa\u00edses com recursos escassos como Nig\u00e9ria, Papua Nova Guin\u00e9 e Sri Lanka. Em colabora\u00e7\u00e3o com o Programa Latino-Americano de Desenvolvimento Cient\u00edfico e Tecnol\u00f3gico (CYTED), o Instituto Clodomiro Picado coordena uma rede de centros de produ\u00e7\u00e3o na Am\u00e9rica Central e do Sul.<\/p>\n<p>O Instituto esteve envolvido na elabora\u00e7\u00e3o das <a href=\"https:\/\/web.archive.org\/web\/20210613073401\/http:\/\/www.who.int\/bloodproducts\/snake_antivenoms\/snakeantivenomguide\/en\/\" target=\"_blank\" rel=\"noopener\">Diretrizes da OMS para a Produ\u00e7\u00e3o, Controle e Regula\u00e7\u00e3o de Imunoglobulinas Antivenenos de Serpentes.<\/a><\/p>\n<p>[\/et_pb_text][\/et_pb_column][et_pb_column type=&#8221;1_2&#8243; _builder_version=&#8221;4.15.1&#8243; _module_preset=&#8221;default&#8221; global_colors_info=&#8221;{}&#8221;][et_pb_image src=&#8221;https:\/\/www.echitabplusicp.org\/wp-content\/uploads\/2012\/10\/wha64_d4_12peq.jpg&#8221; title_text=&#8221;wha64_d4_12peq&#8221; _builder_version=&#8221;4.15.1&#8243; _module_preset=&#8221;default&#8221; border_radii=&#8221;off|30px|30px|30px|30px&#8221; box_shadow_style=&#8221;preset4&#8243; global_colors_info=&#8221;{}&#8221;][\/et_pb_image][et_pb_text admin_label=&#8221;WHO&#8221; _builder_version=&#8221;4.15.1&#8243; _module_preset=&#8221;b09d8a78-dea9-4496-9ad6-48ab48739ffd&#8221; global_colors_info=&#8221;{}&#8221;]<\/p>\n<p>A 64\u00aa Sess\u00e3o da Assembleia Geral da OMS entrega o Pr\u00eamio Memorial Dr. LEE Jong-wook de Sa\u00fade P\u00fablica ao Dr. Yamileth Angulo, Diretor do ICP.<\/p>\n<p>[\/et_pb_text][\/et_pb_column][\/et_pb_row][et_pb_row admin_label=&#8221;Pr\u00eamios&#8221; _builder_version=&#8221;4.15.1&#8243; _module_preset=&#8221;default&#8221; collapsed=&#8221;on&#8221; global_colors_info=&#8221;{}&#8221;][et_pb_column type=&#8221;4_4&#8243; _builder_version=&#8221;4.15.1&#8243; _module_preset=&#8221;default&#8221; global_colors_info=&#8221;{}&#8221;][et_pb_text admin_label=&#8221;Awards&#8221; _builder_version=&#8221;4.15.1&#8243; _module_preset=&#8221;ffa30db5-5c25-4df2-976a-e2c5950a68a6&#8243; header_2_font=&#8221;Montserrat|||on|||||&#8221; header_3_font=&#8221;|600||on|||||&#8221; header_3_text_color=&#8221;#B60C0C&#8221; global_colors_info=&#8221;{}&#8221;]<\/p>\n<p>Pr\u00eamios<\/p>\n<p>[\/et_pb_text][\/et_pb_column][\/et_pb_row][et_pb_row column_structure=&#8221;1_2,1_2&#8243; _builder_version=&#8221;4.15.1&#8243; _module_preset=&#8221;default&#8221; collapsed=&#8221;on&#8221; global_colors_info=&#8221;{}&#8221;][et_pb_column type=&#8221;1_2&#8243; _builder_version=&#8221;4.15.1&#8243; _module_preset=&#8221;default&#8221; global_colors_info=&#8221;{}&#8221;][et_pb_text _builder_version=&#8221;4.15.1&#8243; _module_preset=&#8221;73bb68af-13e3-4cf6-96fe-2f175413a0a5&#8243; global_colors_info=&#8221;{}&#8221;]<\/p>\n<p>Pr\u00eamio Memorial Dr LEE Jong-wook para Sa\u00fade P\u00fablica \u2013 Relat\u00f3rio do Painel de Sele\u00e7\u00e3o do Pr\u00eamio Memorial Dr LEE Jong-wook.<\/p>\n<p>O Pr\u00eamio Memorial Dr LEE Jong-wook de Sa\u00fade P\u00fablica \u00e9 concedido a uma pessoa ou pessoas, uma institui\u00e7\u00e3o ou institui\u00e7\u00f5es, uma organiza\u00e7\u00e3o ou organiza\u00e7\u00f5es governamentais ou n\u00e3o governamentais, que tenham feito uma contribui\u00e7\u00e3o destacada nas seguintes \u00e1reas: pesquisa e preven\u00e7\u00e3o, tratamento e controle do HIV\/AIDS; pesquisa e controle de doen\u00e7as transmiss\u00edveis; ou controle de doen\u00e7as tropicais negligenciadas.<\/p>\n<p>O Painel de Selec\u00e7\u00e3o do Pr\u00e9mio Memorial <a href=\"https:\/\/web.archive.org\/web\/20210613073401\/http:\/\/www.google.com.tw\/url?sa=t&amp;rct=j&amp;q=&amp;esrc=s&amp;source=web&amp;cd=1&amp;cad=rja&amp;ved=0CB8QFjAA&amp;url=http%3A%2F%2Fapps.who.int%2Fgb%2Febwha%2Fpdf_files%2FEB128%2FB128_29-en.pdf&amp;ei=VQp9UMPeIc-gmQXpjoCoAw&amp;usg=AFQjCNG8dnm7ycQU_gUq9uC6KREts79o9Q\" target=\"_blank\" rel=\"noopener\">Dr LEE Jong-wook reuniu-se a 19 de Janeiro de 2011<\/a>, sob a presid\u00eancia do Dr. M. K\u00f6k\u00e9ny, (Hungria), Presidente do Conselho Executivo. Os outros membros do Painel foram a Sra. P.T. Toelupe (suplente da Sra. G.A. Gidlow, membro do Conselho Executivo para Samoa), e Professor Sohn Myongsei, Representante do Fundador.<\/p>\n<p>O Painel analisou a documenta\u00e7\u00e3o, juntamente com os coment\u00e1rios t\u00e9cnicos do Administrador sobre as candidaturas, e decidiu por unanimidade propor \u00e0 Diretoria Executiva que o Pr\u00eamio 2011 seja concedido ao Instituto Clodomiro Picado, Costa Rica.<\/p>\n<p>[\/et_pb_text][\/et_pb_column][et_pb_column type=&#8221;1_2&#8243; _builder_version=&#8221;4.15.1&#8243; _module_preset=&#8221;default&#8221; global_colors_info=&#8221;{}&#8221;][et_pb_text admin_label=&#8221;TheDrLee&#8221; _builder_version=&#8221;4.15.1&#8243; _module_preset=&#8221;73bb68af-13e3-4cf6-96fe-2f175413a0a5&#8243; global_colors_info=&#8221;{}&#8221;]<\/p>\n<ul>\n<li>1980: Pr\u00eamio Nacional de Ci\u00eancias (Jos\u00e9 Maria Guti\u00e9rrez Guti\u00e9rrez)<\/li>\n<li>1986: Pr\u00eamio Nacional de Ci\u00eancias (Bruno Lomonte Viglioti)<\/li>\n<li>1990: Pr\u00eamio Twas-Fingers (Jos\u00e9 Maria Guti\u00e9rrez)<\/li>\n<li>1995: O Instituto \u00e9 nomeado Autoridade Cient\u00edfica CITES<\/li>\n<li>1996: Pr\u00eamio Qualidade de Vida<\/li>\n<li>1996: Centro de refer\u00eancia em mat\u00e9ria de ofidismo para a Am\u00e9rica Central<\/li>\n<li>1997: Pr\u00eamio Twas \u2013 CONICIT (Bruno Lomonte Viglioti)<\/li>\n<li>1997: Pr\u00eamio Sven Brohult, concedido pela Funda\u00e7\u00e3o Internacional para a Ci\u00eancia (Jos\u00e9 Mar\u00eda Guti\u00e9rrez)<\/li>\n<li>1998: Pr\u00eamio \u00c2ncora na \u00e1rea de Ci\u00eancias (Jos\u00e9 Mar\u00eda Guti\u00e9rrez)<\/li>\n<li>2002: Pr\u00eamio de Contribui\u00e7\u00e3o na \u00e1rea de Ci\u00eancias<\/li>\n<li>2003: Pr\u00eamio Contribui\u00e7\u00e3o \u00e0 Criatividade e Excel\u00eancia<\/li>\n<li>2003: Premio Nacional de Ciencias ( Marieta Flores D\u00edaz)<\/li>\n<li>2006: Pr\u00eamio Contribui\u00e7\u00e3o \u00e0 Criatividade e Excel\u00eancia<\/li>\n<li>2007: Pr\u00eamio Pesquisador da Universidade da Costa Rica (Jos\u00e9 Mar\u00eda Guti\u00e9rrez)<\/li>\n<li>2007: Reconhecimento para Pesquisa Cl\u00ednica pelo Pfizer Scientific Institute<\/li>\n<li>2009: Pr\u00eamio Twa-CONICIT ( Mahmood Sasa Mar\u00edn)<\/li>\n<li>2009: Pr\u00eamio Nacional de Tecnologia (Guillermo Le\u00f3n Montero)<\/li>\n<li>2010: Pr\u00eamio Pesquisador UCR (Bruno Lomonte Viglioti)<\/li>\n<li>2010: Premio a Ideas innovadoras<\/li>\n<\/ul>\n<p>[\/et_pb_text][\/et_pb_column][\/et_pb_row][\/et_pb_section]<\/p>\n","protected":false},"excerpt":{"rendered":"<p>Nossa miss\u00e3oO Instituto Clodomiro Picado desenvolve pesquisas sobre herpetofauna h\u00e1 40 anos. Suas atividades incluem: pesquisa sobre toxinas de animais pe\u00e7onhentos na Am\u00e9rica Latina e sobre venenos de serpentes; e pesquisa b\u00e1sica e aplicada em imunobiol\u00f3gicos, principalmente soros antivenenos para envenenamentos por picada de cobra. O Instituto est\u00e1 vinculado \u00e0 Universidade da Costa Rica, onde [&hellip;]<\/p>\n","protected":false},"author":1,"featured_media":0,"parent":0,"menu_order":0,"comment_status":"closed","ping_status":"closed","template":"","meta":{"_et_pb_use_builder":"on","_et_pb_old_content":"","_et_gb_content_width":"","footnotes":""},"class_list":["post-245254","page","type-page","status-publish","hentry"],"_links":{"self":[{"href":"https:\/\/www.echitabplusicp.org\/pt-pt\/wp-json\/wp\/v2\/pages\/245254","targetHints":{"allow":["GET"]}}],"collection":[{"href":"https:\/\/www.echitabplusicp.org\/pt-pt\/wp-json\/wp\/v2\/pages"}],"about":[{"href":"https:\/\/www.echitabplusicp.org\/pt-pt\/wp-json\/wp\/v2\/types\/page"}],"author":[{"embeddable":true,"href":"https:\/\/www.echitabplusicp.org\/pt-pt\/wp-json\/wp\/v2\/users\/1"}],"replies":[{"embeddable":true,"href":"https:\/\/www.echitabplusicp.org\/pt-pt\/wp-json\/wp\/v2\/comments?post=245254"}],"version-history":[{"count":2,"href":"https:\/\/www.echitabplusicp.org\/pt-pt\/wp-json\/wp\/v2\/pages\/245254\/revisions"}],"predecessor-version":[{"id":245257,"href":"https:\/\/www.echitabplusicp.org\/pt-pt\/wp-json\/wp\/v2\/pages\/245254\/revisions\/245257"}],"wp:attachment":[{"href":"https:\/\/www.echitabplusicp.org\/pt-pt\/wp-json\/wp\/v2\/media?parent=245254"}],"curies":[{"name":"wp","href":"https:\/\/api.w.org\/{rel}","templated":true}]}}