{"id":245263,"date":"2022-05-09T14:44:24","date_gmt":"2022-05-09T14:44:24","guid":{"rendered":"https:\/\/www.echitabplusicp.org\/revisoes-cientificas"},"modified":"2024-07-31T10:21:08","modified_gmt":"2024-07-31T10:21:08","slug":"revisoes-cientificas","status":"publish","type":"page","link":"https:\/\/www.echitabplusicp.org\/pt-pt\/revisoes-cientificas","title":{"rendered":"Revis\u00f5es Cient\u00edficas"},"content":{"rendered":"<p>[et_pb_section fb_built=&#8221;1&#8243; admin_label=&#8221;section&#8221; _builder_version=&#8221;4.16&#8243; global_colors_info=&#8221;{}&#8221;][et_pb_row admin_label=&#8221;H1&#8243; _builder_version=&#8221;4.16&#8243; _module_preset=&#8221;default&#8221; global_colors_info=&#8221;{}&#8221;][et_pb_column type=&#8221;4_4&#8243; _builder_version=&#8221;4.16&#8243; _module_preset=&#8221;default&#8221; global_colors_info=&#8221;{}&#8221;][et_pb_text _builder_version=&#8221;4.16&#8243; _module_preset=&#8221;8a351db3-7b59-48a9-9578-3335797e4dfb&#8221; global_colors_info=&#8221;{}&#8221;]<\/p>\n<h1>Revis\u00f5es Cient\u00edficas<\/h1>\n<p>[\/et_pb_text][\/et_pb_column][\/et_pb_row][et_pb_row column_structure=&#8221;1_2,1_2&#8243; admin_label=&#8221;row&#8221; _builder_version=&#8221;4.16&#8243; background_size=&#8221;initial&#8221; background_position=&#8221;top_left&#8221; background_repeat=&#8221;repeat&#8221; global_colors_info=&#8221;{}&#8221;][et_pb_column type=&#8221;1_2&#8243; _builder_version=&#8221;4.16&#8243; custom_padding=&#8221;|||&#8221; global_colors_info=&#8221;{}&#8221; custom_padding__hover=&#8221;|||&#8221;][et_pb_text admin_label=&#8221;Text&#8221; _builder_version=&#8221;4.16&#8243; _module_preset=&#8221;2d83f41d-a2fc-49a5-9e22-591a14d0651c&#8221; background_size=&#8221;initial&#8221; background_position=&#8221;top_left&#8221; background_repeat=&#8221;repeat&#8221; global_colors_info=&#8221;{}&#8221;]<\/p>\n<ul>\n<li><a href=\"\/\/www.ajtmh.org\/view\/journals\/tpmd\/82\/6\/article-p1194.xml\" target=\"_blank\" rel=\"noopener\">Antivenomic Assessment of the Immunological Reactivity of EchiTAb-Plus-ICP, an Antivenom for the Treatment of Snakebite Envenoming in Sub-Saharan Africa<\/a> (Juan J. Calvete*, Pedro Cid, Libia Sanz, \u00e1lvaro Segura, Mauren Villalta, Mar\u00eda Herrera, Guillermo Le\u00f3n, Robert Harrison, Nandul Durfa, Abdusalami Nasidi, R. David G. Theakston, David A. Warrell and Jos\u00e9 Mar\u00eda Guti\u00e9rrez) (Ref. <abbr title=\"The American Journal of Tropical Medicine and Hygiene\">Am J Trop Med Hyg<\/abbr> June 2010 vol. 82 no. 6 1194-1201)<\/li>\n<\/ul>\n<ul>\n<li><a href=\"https:\/\/pubmed.ncbi.nlm.nih.gov\/19699756\/\" target=\"_blank\" rel=\"noopener\">Preclinical assessment of the efficacy of a new antivenom (EchiTAb-Plus-ICP ) for the treatment of viper envenoming in sub-Saharan Africa<\/a> (\u00c1lvaro Segura, Mauren Villalta, Mar\u00eda Herrera, Guillermo Le\u00f3n, Robert Harrison, Nandul Durfa, Abdusalami Nasidi, Juan J. Calvete, R. David G. Theakston, David A. Warrell, Jos\u00e9 Mar\u00eda Guti\u00e9rrez) (Ref. Toxicon, Volume 55, Issues 2\u20133, February\u2013March 2010, Pages 369\u2013374)<\/li>\n<\/ul>\n<ul>\n<li><a href=\"https:\/\/pubmed.ncbi.nlm.nih.gov\/10463678\/\" target=\"_blank\" rel=\"noopener\">Comparative Study On The Ability of IgG and Fab2 antivenoms to neutralizae lethal and myotoxic effects induced my micrurus nigrocinctus (coral snake) venom<\/a> (G Le\u00f3n, B Stiles, A Alape, G Rojas and J M Guti\u00e9rrez) (Ref. <abbr title=\"The American Journal of Tropical Medicine and Hygiene\">Am J Trop Med Hyg<\/abbr> August 1999)<\/li>\n<\/ul>\n<ul>\n<li><a title=\"Snake Venomics of African Spitting Cobras: Toxin Composition and Assessment of Congeneric Cross-Reactivity of the Pan-African EchiTAb-Plus-ICP Antivenom by Antivenomics and Neutralization Approaches\" href=\"https:\/\/pubmed.ncbi.nlm.nih.gov\/21171584\/\" target=\"_blank\" rel=\"noopener\">Snake Venomics of African Spitting Cobras: Toxin Composition and Assessment of Congeneric Cross-Reactivity of the Pan-African EchiTAb-Plus-ICP Antivenom by Antivenomics and Neutralization Approaches<\/a> (Petras, D., Sanz, L., Segura, A., Herrera, M., Villalta, M., Solano, D., Vargas, M., Le\u00f3n, G., Warrell, D.A., Theakston, R.D.G., Harrison, R.A., Durfa, N., Nasidi, A., Guti\u00e9rrez, J.M. &amp; Calvete, J.J.J. Proteome Res. 10 (2011) 1266-1280)<\/li>\n<\/ul>\n<ul>\n<li><a href=\"https:\/\/pubmed.ncbi.nlm.nih.gov\/22146491\/\" target=\"_blank\" rel=\"noopener\">Comparative study of the efficacy and safety of two polyvalent, caprylic acid fractionated [IgG and F(ab\u2032)2] antivenoms, in Bothrops asper bites in Colombia<\/a> (Rafael Otero-Pati\u00f1o, \u00c1lvaro Segura, Mar\u00eda Herrera, Yamileth Angulo, Guillermo Le\u00f3n, Jos\u00e9 Mar\u00eda Guti\u00e9rrez, Jacqueline Barona, Sebasti\u00e1n Estrada, Andr\u00e9s Perea\u00f1ez, Juan Carlos Quintana, Leidy J. Vargas, Juan Pablo G\u00f3mez, Abel D\u00edaz, Ana Mar\u00eda Su\u00e1rez, Jorge Fern\u00e1ndez, Patricia Ram\u00edrez, Patricia Fabra, Monica Perea, Diego Fern\u00e1ndez, Yobana Arroyo, Dalila Betancur, Lady Pupo, Elkin A. C\u00f3rdoba, C. Eugenio Ram\u00edrez, Ana Berta Arrieta, Alcides Rivero, Diana Carolina Mosquera, Nectty Lorena Conrado, Rosina Ortiz) (Ref. Toxicon, Volume 59, Issue 2, February 2012, Pages 344\u2013355)<\/li>\n<\/ul>\n<ul>\n<li><a href=\"https:\/\/journals.plos.org\/plosmedicine\/article?id=10.1371\/journal.pmed.0030150\" target=\"_blank\" rel=\"noopener\">Confronting the Neglected Problem of Snake Bite Envenoming: The Need for a Global Partnership<\/a> (Guti\u00e9rrez JM, Theakston RDG, Warrell DA (2006) Confronting the Neglected Problem of Snake Bite Envenoming: The Need for a Global Partnership. PLoS Med 3(6): e150.)<\/li>\n<\/ul>\n<ul>\n<li><a href=\"https:\/\/pubmed.ncbi.nlm.nih.gov\/22679521\/\" target=\"_blank\" rel=\"noopener\">Consequences of Neglect: Analysis of the Sub-Saharan African Snake Antivenom Market and the Global Context<\/a> (Brown NI (2012) Consequences of Neglect: Analysis of the Sub-Saharan African Snake Antivenom Market and the Global Context. PLoS Negl Trop Dis 6(6):e1670.)<em><\/em><\/li>\n<\/ul>\n<ul><\/ul>\n<p>[\/et_pb_text][\/et_pb_column][et_pb_column type=&#8221;1_2&#8243; _builder_version=&#8221;4.16&#8243; _module_preset=&#8221;default&#8221; global_colors_info=&#8221;{}&#8221;][et_pb_text admin_label=&#8221;Text&#8221; _builder_version=&#8221;4.16&#8243; _module_preset=&#8221;2d83f41d-a2fc-49a5-9e22-591a14d0651c&#8221; background_size=&#8221;initial&#8221; background_position=&#8221;top_left&#8221; background_repeat=&#8221;repeat&#8221; hover_enabled=&#8221;0&#8243; global_colors_info=&#8221;{}&#8221; sticky_enabled=&#8221;0&#8243;]<\/p>\n<ul>\n<li><a href=\"https:\/\/www.ajol.info\/index.php\/ajb\/article\/view\/14781\" target=\"_blank\" rel=\"noopener\">Efficacy of IgG, Fab, and F(ab\u2019)2 fragments of horse antivenom in the treatment of local symptoms after Cerastes cerastes (Egyptian snake) bite<\/a> (Salwa S. Abdel Lati, Soheir Wanas, George Abdel Malak, Madiha H. Helmy) (Ref. African Journal of Biotechnology: 2003 2(7): 189-193)<\/li>\n<li><a href=\"https:\/\/www.ncbi.nlm.nih.gov\/pmc\/articles\/PMC2857546\/\" target=\"_blank\" rel=\"noopener\">Envenoming after carpet viper (Echis ocellatus) bite during pregnancy: timely use of effective antivenom improves maternal and foetal outcomes <\/a>(Habib, A. G., Abubakar, S. B., Abubakar, I. S., Larnyang, S., Durfa, N., Nasidi, A., Yusuf, P. O., Garnvwa, J., Theakston, R. D. G., Salako, L., Warrell, D. A. and for the EchiTab Study Group (Nigeria &amp; UK) (2008), Envenoming after carpet viper (Echis ocellatus) bite during pregnancy: timely use of effective antivenom improves maternal and foetal outcomes. Tropical Medicine &amp; International Health, 13: 1172\u20131175.)<\/li>\n<\/ul>\n<ul>\n<li><a href=\"http:\/\/www.ncbi.nlm.nih.gov\/pubmed\/15837359\" target=\"_blank\" rel=\"noopener\">Pan-African polyspecific antivenom produced by caprylic acid purification of horse IgG: an alternative to the antivenom crisis in Africa <\/a>(Guti\u00e9rrez JM, Rojas E, Quesada L, Le\u00f3n G, N\u00fa\u00f1ez J, Laing GD, Sasa M, Renjifo JM, Nasidi A, Warrell DA, Theakston RD, Rojas G.) (Ref. Trans R Soc Trop Med Hyg. 2005 Jun;99(6):468-75.)<\/li>\n<\/ul>\n<ul>\n<li><a href=\"https:\/\/pubmed.ncbi.nlm.nih.gov\/19874841\/\" target=\"_blank\" rel=\"noopener\">Pre-clinical and preliminary dose-finding and safety studies to identify candidate antivenoms for treatment of envenoming by saw-scaled or carpet vipers (Echis ocellatus) in northern Nigeria<\/a> (S.B. Abubakar, I.S. Abubakar, A.G. Habib, A. Nasidi, N. Durfa, P.O. Yusuf, S. Larnyang, J. Garnvwa, E. Sokomba, L. Salako, G.D. Laing, R.D.G. Theakston, E. Juszczak, N. Alder, D.A. Warrell, for the Nigeria-UK EchiTab Study Group) (Ref. Toxicon, Volume 55, Issue 4, 1 April 2010, Pages 719\u2013723)<\/li>\n<\/ul>\n<ul>\n<li><a href=\"https:\/\/archive.lstmed.ac.uk\/1677\/\" target=\"_blank\" rel=\"noopener\">Response to a letter from J-P Chippaux and L Boyer entitled: \u201cThe 3 + 3 dose escalation design is not appropriate for antivenom dose finding.\u201d<\/a> (Abdulrazaq G. Habib, Abdulsalami Nasidi, Nicola Alder, Edmund Juszczak, R. David G. Theakston, David A. Warrell, For EchiTAb Study Group Nigeria-UK) (Ref. Toxicon, Volume 55, Issue 7, 15 June 2010, Pages 1410\u20131411)<\/li>\n<\/ul>\n<ul>\n<li><a href=\"https:\/\/journals.plos.org\/plosntds\/article?id=10.1371\/journal.pntd.0000767\" target=\"_blank\" rel=\"noopener\">Randomised Controlled Double-Blind Non-Inferiority Trial of Two Antivenoms for Saw-Scaled or Carpet Viper (Echis ocellatus) Envenoming in Nigeria<\/a> (Abubakar IS, Abubakar SB, Habib AG, Nasidi A, Durfa N, et al. (2010) Randomised Controlled Double-Blind Non-Inferiority Trial of Two Antivenoms for Saw-Scaled or Carpet Viper (Echis ocellatus) Envenoming in Nigeria. PLoS Negl Trop Dis 4(7): e767.)<\/li>\n<\/ul>\n<ul>\n<li><a href=\"https:\/\/journals.plos.org\/plosntds\/article\/info%3Adoi%2F10.1371%2Fjournal.pntd.0000851\" target=\"_blank\" rel=\"noopener\">Pre-Clinical Assays Predict Pan-African Echis Viper Efficacy for a Species-Specific Antivenom<\/a> (Casewell NR, Cook DAN, Wagstaff SC, Nasidi A, Durfa N, et al. (2010) Pre-Clinical Assays Predict Pan-African Echis Viper Efficacy for a Species-Specific Antivenom. PLoS Negl Trop Dis 4(10): e851.)<\/li>\n<\/ul>\n<ul><\/ul>\n<p>[\/et_pb_text][\/et_pb_column][\/et_pb_row][\/et_pb_section]<\/p>\n","protected":false},"excerpt":{"rendered":"<p>Revis\u00f5es Cient\u00edficas Antivenomic Assessment of the Immunological Reactivity of EchiTAb-Plus-ICP, an Antivenom for the Treatment of Snakebite Envenoming in Sub-Saharan Africa (Juan J. Calvete*, Pedro Cid, Libia Sanz, \u00e1lvaro Segura, Mauren Villalta, Mar\u00eda Herrera, Guillermo Le\u00f3n, Robert Harrison, Nandul Durfa, Abdusalami Nasidi, R. David G. Theakston, David A. Warrell and Jos\u00e9 Mar\u00eda Guti\u00e9rrez) (Ref. Am [&hellip;]<\/p>\n","protected":false},"author":1,"featured_media":0,"parent":0,"menu_order":0,"comment_status":"closed","ping_status":"closed","template":"","meta":{"_et_pb_use_builder":"on","_et_pb_old_content":"","_et_gb_content_width":"","footnotes":""},"class_list":["post-245263","page","type-page","status-publish","hentry"],"_links":{"self":[{"href":"https:\/\/www.echitabplusicp.org\/pt-pt\/wp-json\/wp\/v2\/pages\/245263","targetHints":{"allow":["GET"]}}],"collection":[{"href":"https:\/\/www.echitabplusicp.org\/pt-pt\/wp-json\/wp\/v2\/pages"}],"about":[{"href":"https:\/\/www.echitabplusicp.org\/pt-pt\/wp-json\/wp\/v2\/types\/page"}],"author":[{"embeddable":true,"href":"https:\/\/www.echitabplusicp.org\/pt-pt\/wp-json\/wp\/v2\/users\/1"}],"replies":[{"embeddable":true,"href":"https:\/\/www.echitabplusicp.org\/pt-pt\/wp-json\/wp\/v2\/comments?post=245263"}],"version-history":[{"count":6,"href":"https:\/\/www.echitabplusicp.org\/pt-pt\/wp-json\/wp\/v2\/pages\/245263\/revisions"}],"predecessor-version":[{"id":245865,"href":"https:\/\/www.echitabplusicp.org\/pt-pt\/wp-json\/wp\/v2\/pages\/245263\/revisions\/245865"}],"wp:attachment":[{"href":"https:\/\/www.echitabplusicp.org\/pt-pt\/wp-json\/wp\/v2\/media?parent=245263"}],"curies":[{"name":"wp","href":"https:\/\/api.w.org\/{rel}","templated":true}]}}